{"id":835,"date":"2025-04-08T13:49:12","date_gmt":"2025-04-08T11:49:12","guid":{"rendered":"https:\/\/alex.shop\/si\/?post_type=product&#038;p=835"},"modified":"2026-04-02T15:10:43","modified_gmt":"2026-04-02T13:10:43","slug":"reolink-go-pt-plus-zunanja-5mp-brezzicna-vrtljiva-4g-kamera","status":"publish","type":"product","link":"https:\/\/alex.shop\/si\/reolink-go-pt-plus-zunanja-5mp-brezzicna-vrtljiva-4g-kamera\/","title":{"rendered":"Reolink G430 (Go PT Plus) &#8211; brez\u017ei\u010dna vrtljiva 4G kamera + solarni panel"},"content":{"rendered":"<p><img fetchpriority=\"high\" decoding=\"async\" class=\"aligncenter size-full wp-image-20902\" src=\"https:\/\/alex.shop\/wp-content\/uploads\/2024\/03\/reolink-go-pt-plus-en-1.jpg\" alt=\"\" width=\"1464\" height=\"600\" \/><\/p>\n<h4>Brez\u017ei\u010dna baterija 4G \/ 3G pan-tilt nadzorna kamera<\/h4>\n<p>Brez \u017eic ga postavite kamor koli. Polnilna baterija in povezljivost 4G \/ 3G omogo\u010data, da Reolink Go PT Plus deluje popolnoma brez kablov na obmo\u010dju brez signalov WiFi. Ni omre\u017enega kabla ali napajalnega kabla, ni vrtanja in ni potrebe po elektri\u010dni vti\u010dnici. Kamera Reolink Go PT Plus je prenosna in odporna na vremenske vplive. Postavite ga skoraj povsod, v zaprtih prostorih in na prostem. V va\u0161i po\u010ditni\u0161ki hi\u0161i, na gradbi\u0161\u010du, v kampu, v divjini, na \u010dolnu itd.<\/p>\n<h4>Mo\u017enost obra\u010danja in nagibanja \u2013 za\u0161\u010ditite tisto, kar je pomembno iz vseh zornih kotov<\/h4>\n<p>Ker se lahko premikate levo in desno, se nagibate navzgor in navzdol, Reolink Go PT Plus zagotavlja popolno pokritost mrtvega kota. Z aplikacijo lahko na daljavo upravljate funkcijo obra\u010danja in nagibanja ter vedno pozorno spremljate svojo lastnino, tudi \u010de ste na drugem koncu sveta.<\/p>\n<h4>Baterija za polnjenje<\/h4>\n<p>Kamera Reolink Go PT Plus je opremljena z baterijo, ki jo je mogo\u010de polniti prek napajalnika ali preko Reolink solarnega panela.<\/p>\n<p><img decoding=\"async\" class=\"aligncenter size-full wp-image-20083 lazyloaded\" src=\"https:\/\/alex.shop\/wp-content\/uploads\/2020\/07\/Reolink-GO-PT-Plus-2.jpg\" alt=\"\" width=\"1464\" height=\"600\" data-src=\"https:\/\/alex.shop\/wp-content\/uploads\/2020\/07\/Reolink-GO-PT-Plus-2.jpg\" \/><\/p>\n<h4>Reolink solar panel<\/h4>\n<p>Kamero priklju\u010dite na Reolink solar panel in imela bo stalno napajanje. Preprosto namestite solarni panel, odporno na vremenske vplive, da pove\u010date izpostavljenost son\u010dni svetlobi. <strong>Son\u010dna plo\u0161\u010da je prilo\u017eena v kompletu.<\/strong><\/p>\n<h4>Lo\u010dljivost 5MP<\/h4>\n<p>Oglejte si vse do zadnje podrobnosti z Super HD video kakovostjo 5MP. Omogo\u010da jasnej\u0161i in ostrej\u0161i pogled kot kamere 1080p. Z napredno tehnologijo CMOS senzorja s 4 milijoni slikovnih pik kamera Reolink Go Plus prikazuje visokokakovosten video v pogojih zelo \u0161ibke svetlobe (do 10 metrov) brez dodatne osvetlitve. Vse podrobnosti za identifikacijo ljudi, vozil in drugih predmetov si lahko ogledate 24 ur na dan.<\/p>\n<p><img decoding=\"async\" class=\"aligncenter size-full wp-image-20087 lazyloaded\" src=\"https:\/\/alex.shop\/wp-content\/uploads\/2020\/07\/Reolink-GO-PT-Plus-3.jpg\" alt=\"\" width=\"1464\" height=\"600\" data-src=\"https:\/\/alex.shop\/wp-content\/uploads\/2020\/07\/Reolink-GO-PT-Plus-3.jpg\" \/><\/p>\n<h4>Pametni detektor gibanja in takoj\u0161nja obvestila<\/h4>\n<p>Nadzorna kamera Reolink Go PT Plus s polnilno baterijo in 105\u00b0 \u0161irokim kotom snemanja ter visoko ob\u010dutljivim PIR senzorjem gibanja skoraj brezhibno zazna vsa \u010dlove\u0161ka gibanja. Ko zazna gibanje, se bo kamera takoj vklopila in vam poslala takoj\u0161nja opozorila, hkrati pa se bo samodejno oglasila sirena ali glasovno opozorilo po meri, da bi odvrnili ne\u017eelene obiskovalce.<\/p>\n<ul>\n<li><strong>Potisna obvestila in e-po\u0161tna<\/strong><br \/>\nopozorila o gibanju neposredno v telefon ali mapo \u00bbPrejeto\u00ab.<\/li>\n<li><strong>Sirena<\/strong><br \/>\nDeluje z gibanjem ali je na daljavo omogo\u010den \/ onemogo\u010den.<\/li>\n<li><strong>Opozorila o glasovnem snemanju<\/strong><br \/>\nUstvarite lastno glasovno opozorilo glede na svoje potrebe.<\/li>\n<li><strong>Kartica SD (komplet kartic 32 GB)<\/strong><br \/>\nSnemajte in shranjujte videoposnetke v gibanju na kartico micro SD do 128 GB.<\/li>\n<\/ul>\n<h4>Dvosmerna zvo\u010dna komunikacija<\/h4>\n<p>Poslu\u0161ajte, kaj se dogaja v va\u0161em domu ali zunaj njega, in se pogovarjajte z enim samim dotikom. Z vgrajenim mikrofonom in zvo\u010dnikom lahko komunicirate s starej\u0161imi, otroki, varu\u0161kami, hi\u0161nimi ljubljen\u010dki in opozorite vsakogar, ki ni povabljen.<\/p>\n<p><img loading=\"lazy\" decoding=\"async\" class=\"aligncenter size-full wp-image-20091 lazyloaded\" src=\"https:\/\/alex.shop\/wp-content\/uploads\/2020\/07\/Reolink-GO-PT-Plus-4.jpg\" alt=\"\" width=\"1464\" height=\"600\" data-src=\"https:\/\/alex.shop\/wp-content\/uploads\/2020\/07\/Reolink-GO-PT-Plus-4.jpg\" \/><\/p>\n<h4>Dostop do kamere kadar koli in kjerkoli<\/h4>\n<p>Nadzor \u0161e nikoli ni bil tako enostaven z brezpla\u010dno aplikacijo Reolink. Preverite, ali sta va\u0161a dru\u017eina in dom varna kadar koli in kjer koli na pametnih telefonih iOS in Android ali v ra\u010dunalniku s sistemom Windows ali Mac. Tudi ko ste v pisarni ali na potovanju, lahko preverite, kaj se dogaja na poti.<\/p>\n<p><img loading=\"lazy\" decoding=\"async\" class=\"aligncenter size-full wp-image-20906 lazyloaded\" src=\"https:\/\/alex.shop\/wp-content\/uploads\/2024\/03\/reolink-go-pt-plus-en.jpg\" alt=\"\" width=\"1464\" height=\"600\" data-src=\"https:\/\/alex.shop\/wp-content\/uploads\/2024\/03\/reolink-go-pt-plus-en.jpg\" \/><\/p>\n<h4>Reolink Cloud<\/h4>\n<p>Reolink Go PT Plus podpira storitev <a href=\"https:\/\/cloud.reolink.com\/\" target=\"_blank\" rel=\"noopener\">Reolink Cloud<\/a>. Na ta na\u010din so videoposnetki brezpla\u010dno shranjeni v oblaku. Reolink Cloud ponuja varnostno kopijo vseh pomembnih dogodkov in vam omogo\u010da dostop do shranjenih videoposnetkov kjerkoli in kadarkoli. Ni vam treba skrbeti, ali bo kamera ukraden ali se bo pomnilni\u0161ka kartica pokvarila.<\/p>\n<h4>Reolink Go PT Plus \u2013 vsebina \u0161katle<\/h4>\n<p><img loading=\"lazy\" decoding=\"async\" class=\"aligncenter size-full wp-image-27287\" src=\"https:\/\/alex.shop\/wp-content\/uploads\/2024\/09\/reolink-go-pt-plus-12.jpg\" alt=\"\" width=\"931\" height=\"278\" \/><\/p>\n","protected":false},"excerpt":{"rendered":"<p>Pametna varnostna kamera na baterijo s 5MP lo\u010dljivostjo, z mo\u017enostjo vrtenja in nagiba. Deluje na 4G\/3G omre\u017ejih, popolna za oddaljene lokacije brez WiFi-ja in elektri\u010dne energije. <strong>Son\u010dna plo\u0161\u010da je prilo\u017eena v kompletu.<\/strong><\/p>\n","protected":false},"featured_media":912,"template":"","meta":{"order-bump-settings":[],"_wpfnl_thankyou_order_overview":"on","_wpfnl_thankyou_order_details":"on","_wpfnl_thankyou_billing_details":"on","_wpfnl_thankyou_shipping_details":"on"},"product_brand":[140],"product_cat":[107],"product_tag":[73,76,146,97,111],"class_list":{"0":"post-835","1":"product","2":"type-product","3":"status-publish","4":"has-post-thumbnail","6":"product_brand-reolink","7":"product_cat-baterije-in-solarne-kamere","8":"product_tag-4g-kamere","9":"product_tag-5mp","10":"product_tag-brezzicne-4g-kamere","11":"product_tag-reolink","12":"product_tag-vrtljive-kamere","14":"first","15":"instock","16":"sale","17":"featured","18":"taxable","19":"shipping-taxable","20":"purchasable","21":"product-type-simple"},"bundled_by":[],"bundle_stock_status":"instock","bundle_stock_quantity":20,"bundle_virtual":false,"bundle_layout":"","bundle_add_to_cart_form_location":"","bundle_editable_in_cart":false,"bundle_sold_individually_context":"","bundle_item_grouping":"","bundle_min_size":"","bundle_max_size":"","bundle_price":[],"bundled_items":[],"bundle_sell_ids":[],"_links":{"self":[{"href":"https:\/\/alex.shop\/si\/wp-json\/wp\/v2\/product\/835","targetHints":{"allow":["GET"]}}],"collection":[{"href":"https:\/\/alex.shop\/si\/wp-json\/wp\/v2\/product"}],"about":[{"href":"https:\/\/alex.shop\/si\/wp-json\/wp\/v2\/types\/product"}],"version-history":[{"count":6,"href":"https:\/\/alex.shop\/si\/wp-json\/wp\/v2\/product\/835\/revisions"}],"predecessor-version":[{"id":2248,"href":"https:\/\/alex.shop\/si\/wp-json\/wp\/v2\/product\/835\/revisions\/2248"}],"wp:featuredmedia":[{"embeddable":true,"href":"https:\/\/alex.shop\/si\/wp-json\/wp\/v2\/media\/912"}],"wp:attachment":[{"href":"https:\/\/alex.shop\/si\/wp-json\/wp\/v2\/media?parent=835"}],"wp:term":[{"taxonomy":"product_brand","embeddable":true,"href":"https:\/\/alex.shop\/si\/wp-json\/wp\/v2\/product_brand?post=835"},{"taxonomy":"product_cat","embeddable":true,"href":"https:\/\/alex.shop\/si\/wp-json\/wp\/v2\/product_cat?post=835"},{"taxonomy":"product_tag","embeddable":true,"href":"https:\/\/alex.shop\/si\/wp-json\/wp\/v2\/product_tag?post=835"}],"curies":[{"name":"wp","href":"https:\/\/api.w.org\/{rel}","templated":true}]}}