{"id":898,"date":"2025-04-08T13:49:56","date_gmt":"2025-04-08T11:49:56","guid":{"rendered":"https:\/\/alex.shop\/si\/?post_type=product&#038;p=898"},"modified":"2026-04-07T14:22:50","modified_gmt":"2026-04-07T12:22:50","slug":"reolink-rlk8-800b4-komplet-za-video-nadzor-8mp","status":"publish","type":"product","link":"https:\/\/alex.shop\/si\/reolink-rlk8-800b4-komplet-za-video-nadzor-8mp\/","title":{"rendered":"Reolink NVS8-8MB4 (RLK8-800B4) &#8211; komplet za video nadzor 8MP"},"content":{"rendered":"<p>Reolink RLK8-800B4 IP PoE video nadzorni komplet z 8-kanalnim snemalnikom in \u0161tirimi 8MP (4K) kamerami, vklju\u010dno s trdim diskom 2TB. Vgrajena sposobnost prepoznavanja ljudi in vozil.<\/p>\n<h4>Reolink RLN8-410 NVR snemalnik<\/h4>\n<p><img fetchpriority=\"high\" decoding=\"async\" class=\"size-full wp-image-1166 aligncenter lazyloaded\" src=\"https:\/\/alex.shop\/wp-content\/uploads\/2020\/07\/Reolink-RLN8-410.png\" alt=\"Reolink-RLN8-410\" width=\"1940\" height=\"500\" data-src=\"https:\/\/alex.shop\/wp-content\/uploads\/2020\/07\/Reolink-RLN8-410.png\" \/><br \/>\n\u010ce \u017eelite snemati in upravljati ve\u010d IP kamer, je Reolink NVR idealna re\u0161itev, saj podpira so\u010dasno predvajanje v \u017eivo in snemanje 24\/7 za vse kamere. Snemalnik zvo\u010dnih vhodov za kamere z vgrajenim mikrofonom zagotavlja, da imate dostop do zvo\u010dnega materiala vseh povezanih IP kamer z dostopom do slik in videoposnetkov. Vgrajen je 2TB disk, uporabnik pa lahko doda zunanji pogon prek e-SATA za ve\u010d prostora za shranjevanje (do 4 TB). Reolink snemalniki delujejo samo z nadzornimi kamerami Reolink in omogo\u010dajo povezavo osmih kamer Reolink PoE.<\/p>\n<p><img decoding=\"async\" class=\"aligncenter size-full wp-image-25977\" src=\"https:\/\/alex.shop\/wp-content\/uploads\/2023\/11\/Reolink-RLC-810A-11.jpg\" alt=\"\" width=\"1338\" height=\"460\" \/><\/p>\n<h4>Kamera Reolink B800<\/h4>\n<p>Kamera Reolink B800 PoE imajo lo\u010dljivost 4K, ki ponuja skoraj 4-kratno lo\u010dljivost 1080p in zagotavlja veliko ve\u010d podrobnosti in jasnosti kot 5MP \/ 4MP Super HD kamere. Ta vrhunski komplet vam lahko v \u017eivo prika\u017ee najbolj\u0161e klju\u010dne podrobnosti, ko digitalno pove\u010date. Vsaka kamera zagotavlja odli\u010den prikaz v temi, do razdalje 30 metrov. Jasno opazujte vsak gib ali gibanje pri \u0161ibki svetlobi in imejte popoln nadzor varnosti. Kamero postavite kamor koli \u017eelite. Zahvaljujo\u010d vodoodpornemu standardu ip66 in vremenskim vplivom jih lahko brez skrbi namestite tudi na prostem.<\/p>\n<h4>Reolink RLK8-800B4 \u2013 vsebina \u0161katle<\/h4>\n<p>&nbsp;<\/p>\n<p><img decoding=\"async\" class=\"aligncenter size-full wp-image-8892 lazyloaded\" src=\"https:\/\/alex.shop\/wp-content\/uploads\/2020\/07\/reolink-rlk8-800b4-set.jpg\" alt=\"\" width=\"1200\" height=\"742\" data-src=\"https:\/\/alex.shop\/wp-content\/uploads\/2020\/07\/reolink-rlk8-800b4-set.jpg\" \/><\/p>\n","protected":false},"excerpt":{"rendered":"<p>Napreden videonadzor s prepoznavanjem oseb in vozil. Komplet vklju\u010duje 8-kanalni snemalnik, \u0161tiri 8MP (4K) kamere in 2TB trdi disk, ki zagotavlja vrhunsko varnost za poslovne in stanovanjske prostore.<\/p>\n","protected":false},"featured_media":932,"template":"","meta":{"order-bump-settings":[],"_wpfnl_thankyou_order_overview":"on","_wpfnl_thankyou_order_details":"on","_wpfnl_thankyou_billing_details":"on","_wpfnl_thankyou_shipping_details":"on"},"product_brand":[140],"product_cat":[131,105],"product_tag":[130,79,80,95,97],"class_list":{"0":"post-898","1":"product","2":"type-product","3":"status-publish","4":"has-post-thumbnail","6":"product_brand-reolink","7":"product_cat-kompleti-za-video-nadzor","8":"product_cat-video-nadzor","9":"product_tag-24h-snemanje","10":"product_tag-8-kanalni","11":"product_tag-8mp","12":"product_tag-priznavanje-oseb-in-vozil","13":"product_tag-reolink","15":"first","16":"instock","17":"sale","18":"taxable","19":"shipping-taxable","20":"purchasable","21":"product-type-simple"},"bundled_by":[],"bundle_stock_status":"instock","bundle_stock_quantity":9,"bundle_virtual":false,"bundle_layout":"","bundle_add_to_cart_form_location":"","bundle_editable_in_cart":false,"bundle_sold_individually_context":"","bundle_item_grouping":"","bundle_min_size":"","bundle_max_size":"","bundle_price":[],"bundled_items":[],"bundle_sell_ids":[],"_links":{"self":[{"href":"https:\/\/alex.shop\/si\/wp-json\/wp\/v2\/product\/898","targetHints":{"allow":["GET"]}}],"collection":[{"href":"https:\/\/alex.shop\/si\/wp-json\/wp\/v2\/product"}],"about":[{"href":"https:\/\/alex.shop\/si\/wp-json\/wp\/v2\/types\/product"}],"version-history":[{"count":4,"href":"https:\/\/alex.shop\/si\/wp-json\/wp\/v2\/product\/898\/revisions"}],"predecessor-version":[{"id":1705,"href":"https:\/\/alex.shop\/si\/wp-json\/wp\/v2\/product\/898\/revisions\/1705"}],"wp:featuredmedia":[{"embeddable":true,"href":"https:\/\/alex.shop\/si\/wp-json\/wp\/v2\/media\/932"}],"wp:attachment":[{"href":"https:\/\/alex.shop\/si\/wp-json\/wp\/v2\/media?parent=898"}],"wp:term":[{"taxonomy":"product_brand","embeddable":true,"href":"https:\/\/alex.shop\/si\/wp-json\/wp\/v2\/product_brand?post=898"},{"taxonomy":"product_cat","embeddable":true,"href":"https:\/\/alex.shop\/si\/wp-json\/wp\/v2\/product_cat?post=898"},{"taxonomy":"product_tag","embeddable":true,"href":"https:\/\/alex.shop\/si\/wp-json\/wp\/v2\/product_tag?post=898"}],"curies":[{"name":"wp","href":"https:\/\/api.w.org\/{rel}","templated":true}]}}