{"id":995,"date":"2025-04-08T14:05:45","date_gmt":"2025-04-08T12:05:45","guid":{"rendered":"https:\/\/alex.shop\/si\/?post_type=product&#038;p=995"},"modified":"2026-05-08T15:31:41","modified_gmt":"2026-05-08T13:31:41","slug":"smart-wifi-led-trak-5m","status":"publish","type":"product","link":"https:\/\/alex.shop\/si\/smart-wifi-led-trak-5m\/","title":{"rendered":"Smart WiFi LED trak &#8211; 5m"},"content":{"rendered":"<h2>Alex pametni WiFi LED trak dol\u017eine 5m<\/h2>\n<h4>Pametni trak, ki vam omogo\u010da enostavno povezavo s televizijo, ra\u010dunalnikom ali drugo napravo. V \u0161katli je napajalnik.<\/h4>\n<p><img fetchpriority=\"high\" decoding=\"async\" class=\"aligncenter size-full wp-image-27613\" src=\"https:\/\/alex.shop\/wp-content\/uploads\/2024\/09\/smart-led-strip-4.webp\" alt=\"\" width=\"1400\" height=\"1099\" \/><\/p>\n<h4>Na\u010din in funkcije<\/h4>\n<p>Z aplikacijo Alex Home lahko upravljate to razsvetljavo. Ustvarite prizore, samodejno osvetlitev ob dolo\u010denih \u010dasih dneva, mo\u017enost zatemnitve. S posebno mo\u017enostjo lahko va\u0161 LED trak spreminja barve glede na intenzivnost zvoka. Va\u0161 dom postaja eleganten in pameten z Alex pametnim LED trakom.<\/p>\n<p>To napravo lahko delite z ve\u010d uporabniki aplikacije Alex Home, zato lahko LED trak upravljajo tudi va\u0161 partner, otroci in celotna dru\u017eina. Kot lastnik dolo\u010dite, s kom \u017eelite deliti napravo in kako jo lahko nadzorujete.<\/p>\n<p><img decoding=\"async\" class=\"aligncenter wp-image-9572 size-full ls-is-cached lazyloaded\" src=\"https:\/\/alex.shop\/wp-content\/uploads\/2022\/11\/led-traka-5m-timer.webp\" alt=\"\" width=\"970\" height=\"600\" data-src=\"https:\/\/alex.shop\/wp-content\/uploads\/2022\/11\/led-traka-5m-timer.webp\" data-srcset=\"https:\/\/alex.shop\/wp-content\/uploads\/2022\/11\/led-traka-5m-timer.webp 970w, https:\/\/alex.shop\/wp-content\/uploads\/2022\/11\/led-traka-5m-timer-300x186.webp 300w, https:\/\/alex.shop\/wp-content\/uploads\/2022\/11\/led-traka-5m-timer-768x475.webp 768w, https:\/\/alex.shop\/wp-content\/uploads\/2022\/11\/led-traka-5m-timer-610x377.webp 610w, https:\/\/alex.shop\/wp-content\/uploads\/2022\/11\/led-traka-5m-timer-441x273.webp 441w, https:\/\/alex.shop\/wp-content\/uploads\/2022\/11\/led-traka-5m-timer-600x371.webp 600w, https:\/\/alex.shop\/wp-content\/uploads\/2022\/11\/led-traka-5m-timer-150x93.webp 150w\" data-sizes=\"(max-width: 970px) 100vw, 970px\" \/><\/p>\n<h4>Namestitev in nastavitev<\/h4>\n<p>Pripravljen za delo naravnost iz \u0161katle. Na hrbtni strani traku je samolepilna folija. En klik v mobilni aplikaciji je omogo\u010den za dodajanje in upravljanje naprave. Namestitev je kon\u010dana v 5 minutah.<\/p>\n<p><img decoding=\"async\" class=\"aligncenter size-full wp-image-27620\" src=\"https:\/\/alex.shop\/wp-content\/uploads\/2024\/09\/Smart-light-led-1.png\" alt=\"\" width=\"1001\" height=\"636\" \/><\/p>\n\n","protected":false},"excerpt":{"rendered":"<p>Pametni LED trak omogo\u010da enostavno upravljanje svetlobe preko aplikacije Alex Home. Z dol\u017eino 5 m ter WiFi povezljivostjo in mo\u017enostjo avtomatizacije je idealen za ustvarjanje personaliziranih ambientov.<\/p>\n","protected":false},"featured_media":1274,"template":"","meta":{"order-bump-settings":[],"_wpfnl_thankyou_order_overview":"on","_wpfnl_thankyou_order_details":"on","_wpfnl_thankyou_billing_details":"on","_wpfnl_thankyou_shipping_details":"on"},"product_brand":[142],"product_cat":[133,123,108,54],"product_tag":[81,99],"class_list":{"0":"post-995","1":"product","2":"type-product","3":"status-publish","4":"has-post-thumbnail","6":"product_brand-alex","7":"product_cat-led-trakovi","8":"product_cat-pametna-razsvetljava","9":"product_cat-pametni-dom","10":"product_cat-smart-home","11":"product_tag-alex","12":"product_tag-tuya","14":"first","15":"instock","16":"taxable","17":"shipping-taxable","18":"purchasable","19":"product-type-simple"},"bundled_by":[],"bundle_stock_status":"instock","bundle_stock_quantity":2,"bundle_virtual":false,"bundle_layout":"","bundle_add_to_cart_form_location":"","bundle_editable_in_cart":false,"bundle_sold_individually_context":"","bundle_item_grouping":"","bundle_min_size":"","bundle_max_size":"","bundle_price":[],"bundled_items":[],"bundle_sell_ids":[],"_links":{"self":[{"href":"https:\/\/alex.shop\/si\/wp-json\/wp\/v2\/product\/995","targetHints":{"allow":["GET"]}}],"collection":[{"href":"https:\/\/alex.shop\/si\/wp-json\/wp\/v2\/product"}],"about":[{"href":"https:\/\/alex.shop\/si\/wp-json\/wp\/v2\/types\/product"}],"version-history":[{"count":4,"href":"https:\/\/alex.shop\/si\/wp-json\/wp\/v2\/product\/995\/revisions"}],"predecessor-version":[{"id":1725,"href":"https:\/\/alex.shop\/si\/wp-json\/wp\/v2\/product\/995\/revisions\/1725"}],"wp:featuredmedia":[{"embeddable":true,"href":"https:\/\/alex.shop\/si\/wp-json\/wp\/v2\/media\/1274"}],"wp:attachment":[{"href":"https:\/\/alex.shop\/si\/wp-json\/wp\/v2\/media?parent=995"}],"wp:term":[{"taxonomy":"product_brand","embeddable":true,"href":"https:\/\/alex.shop\/si\/wp-json\/wp\/v2\/product_brand?post=995"},{"taxonomy":"product_cat","embeddable":true,"href":"https:\/\/alex.shop\/si\/wp-json\/wp\/v2\/product_cat?post=995"},{"taxonomy":"product_tag","embeddable":true,"href":"https:\/\/alex.shop\/si\/wp-json\/wp\/v2\/product_tag?post=995"}],"curies":[{"name":"wp","href":"https:\/\/api.w.org\/{rel}","templated":true}]}}