{"id":996,"date":"2025-04-08T14:05:46","date_gmt":"2025-04-08T12:05:46","guid":{"rendered":"https:\/\/alex.shop\/si\/?post_type=product&#038;p=996"},"modified":"2026-04-02T15:10:42","modified_gmt":"2026-04-02T13:10:42","slug":"pametne-wifi-zarnice-e27-led-rgb-komplet-2-kosov","status":"publish","type":"product","link":"https:\/\/alex.shop\/si\/pametne-wifi-zarnice-e27-led-rgb-komplet-2-kosov\/","title":{"rendered":"Pametne WiFi \u017earnice E27 LED RGB &#8211; komplet 2 kosov"},"content":{"rendered":"<h2>Alex pametna WiFi \u017earnica E27 LED RGB<\/h2>\n<h4>Pametna \u017earnica, ki vam omogo\u010da enostavno namestitev na obstoje\u010da grla in mesta ter nadzor prek aplikacije alex home<\/h4>\n<p><img fetchpriority=\"high\" decoding=\"async\" class=\"aligncenter size-full wp-image-9518 ls-is-cached lazyloaded\" src=\"https:\/\/alex.shop\/wp-content\/uploads\/2022\/11\/pametna-wifi-led-zarulja.webp\" alt=\"\" width=\"970\" height=\"600\" data-src=\"https:\/\/alex.shop\/wp-content\/uploads\/2022\/11\/pametna-wifi-led-zarulja.webp\" data-srcset=\"https:\/\/alex.shop\/wp-content\/uploads\/2022\/11\/pametna-wifi-led-zarulja.webp 970w, https:\/\/alex.shop\/wp-content\/uploads\/2022\/11\/pametna-wifi-led-zarulja-300x186.webp 300w, https:\/\/alex.shop\/wp-content\/uploads\/2022\/11\/pametna-wifi-led-zarulja-768x475.webp 768w, https:\/\/alex.shop\/wp-content\/uploads\/2022\/11\/pametna-wifi-led-zarulja-610x377.webp 610w, https:\/\/alex.shop\/wp-content\/uploads\/2022\/11\/pametna-wifi-led-zarulja-441x273.webp 441w, https:\/\/alex.shop\/wp-content\/uploads\/2022\/11\/pametna-wifi-led-zarulja-600x371.webp 600w, https:\/\/alex.shop\/wp-content\/uploads\/2022\/11\/pametna-wifi-led-zarulja-150x93.webp 150w\" data-sizes=\"(max-width: 970px) 100vw, 970px\" \/><\/p>\n<h4>Na\u010din in funkcije<\/h4>\n<p>Z aplikacijo Alex Home lahko upravljate to razsvetljavo. Ustvarite prizore, samodejno osvetlitev ob dolo\u010denih \u010dasih dneva, mo\u017enost zatemnitve. S posebno mo\u017enostjo lahko va\u0161a LED sijalka spreminja barve glede na intenzivnost zvoka. To je odli\u010dna mo\u017enost za tiste, ki \u017eelijo ustvariti vzdu\u0161je v svojih domovih, ne glede na to, ali gre za romanti\u010dno ve\u010derjo ali spro\u0161\u010dujo\u010d trenutek s knjigo. Va\u0161 dom postaja eleganten in pameten s pametnimi \u017earnicami Alex.<\/p>\n<p>Aplikacija vam omogo\u010da nadzor barve, intenzivnosti in na\u010dina delovanja \u017earnice. Izbirate lahko med razli\u010dnimi na\u010dini, vklju\u010dno s postopnim spreminjanjem barv, pulziranjem in stati\u010dno svetlobo. Nastavite lahko celo svoje nastavitve po meri, da ustvarite edinstveno osvetlitev v sobi.<\/p>\n<p>To LED \u017earnico lahko upravljate tudi z glasovnimi ukazi prek pametnega pomo\u010dnika. To pomeni, da lahko \u017earnice upravljate brez uporabe aplikacije. Samo recite \u00bbHej, Google\u00ab ali \u00bbAlexa, vklopite lu\u010d\u00ab, da aktivirate \u017earnico.<\/p>\n<p>Ena najbolj\u0161ih lastnosti te LED \u017earnice je njena sposobnost sinhronizacije z glasbo. \u017darnico lahko namestite tako, da se spreminja glede na ritem glasbe, kar ustvarja osupljiv vizualni u\u010dinek in pove\u010duje vzdu\u0161je v prostoru. To je odli\u010dno za zabave ali dru\u017eenje doma.<\/p>\n<p>To napravo lahko delite z ve\u010d uporabniki aplikacije Alex Home, tako da lahko \u017earnico LED upravljajo tudi va\u0161 partner, otroci in celotna dru\u017eina. Kot lastnik dolo\u010dite, s kom \u017eelite deliti napravo in kako jo lahko nadzorujete.<\/p>\n<p>&nbsp;<\/p>\n<p><img decoding=\"async\" class=\"aligncenter size-full wp-image-9516 lazyloaded\" src=\"https:\/\/alex.shop\/wp-content\/uploads\/2022\/11\/led-zarulja-wifi-prigusenje.webp\" alt=\"\" width=\"970\" height=\"600\" data-src=\"https:\/\/alex.shop\/wp-content\/uploads\/2022\/11\/led-zarulja-wifi-prigusenje.webp\" data-srcset=\"https:\/\/alex.shop\/wp-content\/uploads\/2022\/11\/led-zarulja-wifi-prigusenje.webp 970w, https:\/\/alex.shop\/wp-content\/uploads\/2022\/11\/led-zarulja-wifi-prigusenje-300x186.webp 300w, https:\/\/alex.shop\/wp-content\/uploads\/2022\/11\/led-zarulja-wifi-prigusenje-768x475.webp 768w, https:\/\/alex.shop\/wp-content\/uploads\/2022\/11\/led-zarulja-wifi-prigusenje-610x377.webp 610w, https:\/\/alex.shop\/wp-content\/uploads\/2022\/11\/led-zarulja-wifi-prigusenje-441x273.webp 441w, https:\/\/alex.shop\/wp-content\/uploads\/2022\/11\/led-zarulja-wifi-prigusenje-600x371.webp 600w, https:\/\/alex.shop\/wp-content\/uploads\/2022\/11\/led-zarulja-wifi-prigusenje-150x93.webp 150w\" data-sizes=\"(max-width: 970px) 100vw, 970px\" \/><\/p>\n<h4>Namestitev in nastavitev<\/h4>\n<p>Pripravljen za delo naravnost iz \u0161katle. En klik v mobilni aplikaciji je omogo\u010den za dodajanje in upravljanje naprave. Namestitev je zaklju\u010dena v eni minuti.<\/p>\n<p><img decoding=\"async\" class=\"aligncenter size-full wp-image-9517 ls-is-cached lazyloaded\" src=\"https:\/\/alex.shop\/wp-content\/uploads\/2022\/11\/alex-led-zarulja.webp\" alt=\"\" width=\"970\" height=\"600\" data-src=\"https:\/\/alex.shop\/wp-content\/uploads\/2022\/11\/alex-led-zarulja.webp\" data-srcset=\"https:\/\/alex.shop\/wp-content\/uploads\/2022\/11\/alex-led-zarulja.webp 970w, https:\/\/alex.shop\/wp-content\/uploads\/2022\/11\/alex-led-zarulja-300x186.webp 300w, https:\/\/alex.shop\/wp-content\/uploads\/2022\/11\/alex-led-zarulja-768x475.webp 768w, https:\/\/alex.shop\/wp-content\/uploads\/2022\/11\/alex-led-zarulja-610x377.webp 610w, https:\/\/alex.shop\/wp-content\/uploads\/2022\/11\/alex-led-zarulja-441x273.webp 441w, https:\/\/alex.shop\/wp-content\/uploads\/2022\/11\/alex-led-zarulja-600x371.webp 600w, https:\/\/alex.shop\/wp-content\/uploads\/2022\/11\/alex-led-zarulja-150x93.webp 150w\" data-sizes=\"(max-width: 970px) 100vw, 970px\" \/><\/p>\n\n","protected":false},"excerpt":{"rendered":"<p>Pameten komplet \u017earnic z WiFi povezavo. Ustvarite prizore, avtomatizirajte osvetlitev in prilagodite barve ritmu glasbe prek aplikacije Alex Home. Idealen za personalizacijo prostora.<\/p>\n","protected":false},"featured_media":1045,"template":"","meta":{"order-bump-settings":[],"_wpfnl_thankyou_order_overview":"on","_wpfnl_thankyou_order_details":"on","_wpfnl_thankyou_billing_details":"on","_wpfnl_thankyou_shipping_details":"on"},"product_brand":[142],"product_cat":[123,108,124,54,125],"product_tag":[81,99],"class_list":{"0":"post-996","1":"product","2":"type-product","3":"status-publish","4":"has-post-thumbnail","6":"product_brand-alex","7":"product_cat-pametna-razsvetljava","8":"product_cat-pametni-dom","9":"product_cat-razsvetljava","10":"product_cat-smart-home","11":"product_cat-zarnice","12":"product_tag-alex","13":"product_tag-tuya","15":"first","16":"instock","17":"sale","18":"taxable","19":"shipping-taxable","20":"purchasable","21":"product-type-simple"},"bundled_by":[],"bundle_stock_status":"instock","bundle_stock_quantity":1,"bundle_virtual":false,"bundle_layout":"","bundle_add_to_cart_form_location":"","bundle_editable_in_cart":false,"bundle_sold_individually_context":"","bundle_item_grouping":"","bundle_min_size":"","bundle_max_size":"","bundle_price":[],"bundled_items":[],"bundle_sell_ids":[],"_links":{"self":[{"href":"https:\/\/alex.shop\/si\/wp-json\/wp\/v2\/product\/996","targetHints":{"allow":["GET"]}}],"collection":[{"href":"https:\/\/alex.shop\/si\/wp-json\/wp\/v2\/product"}],"about":[{"href":"https:\/\/alex.shop\/si\/wp-json\/wp\/v2\/types\/product"}],"version-history":[{"count":4,"href":"https:\/\/alex.shop\/si\/wp-json\/wp\/v2\/product\/996\/revisions"}],"predecessor-version":[{"id":1675,"href":"https:\/\/alex.shop\/si\/wp-json\/wp\/v2\/product\/996\/revisions\/1675"}],"wp:featuredmedia":[{"embeddable":true,"href":"https:\/\/alex.shop\/si\/wp-json\/wp\/v2\/media\/1045"}],"wp:attachment":[{"href":"https:\/\/alex.shop\/si\/wp-json\/wp\/v2\/media?parent=996"}],"wp:term":[{"taxonomy":"product_brand","embeddable":true,"href":"https:\/\/alex.shop\/si\/wp-json\/wp\/v2\/product_brand?post=996"},{"taxonomy":"product_cat","embeddable":true,"href":"https:\/\/alex.shop\/si\/wp-json\/wp\/v2\/product_cat?post=996"},{"taxonomy":"product_tag","embeddable":true,"href":"https:\/\/alex.shop\/si\/wp-json\/wp\/v2\/product_tag?post=996"}],"curies":[{"name":"wp","href":"https:\/\/api.w.org\/{rel}","templated":true}]}}